{"id":1005,"date":"2021-02-16T15:59:05","date_gmt":"2021-02-16T15:59:05","guid":{"rendered":"http:\/\/www.iesclaracampoamor.org\/clara\/claranuevo\/about\/"},"modified":"2025-10-14T13:06:26","modified_gmt":"2025-10-14T13:06:26","slug":"profesorado","status":"publish","type":"page","link":"https:\/\/www.iesclaracampoamor.org\/clara\/profesorado\/","title":{"rendered":"Profesorado"},"content":{"rendered":"\t\t<div data-elementor-type=\"wp-page\" data-elementor-id=\"1005\" class=\"elementor elementor-1005\">\n\t\t\t\t\t\t\t\t\t<section class=\"elementor-section elementor-top-section elementor-element elementor-element-f63e89b elementor-section-height-min-height elementor-section-boxed elementor-section-height-default elementor-section-items-middle\" data-id=\"f63e89b\" data-element_type=\"section\" data-settings=\"{&quot;background_background&quot;:&quot;classic&quot;}\">\n\t\t\t\t\t\t\t<div class=\"elementor-background-overlay\"><\/div>\n\t\t\t\t\t\t\t<div class=\"elementor-container elementor-column-gap-no\">\n\t\t\t\t\t<div class=\"elementor-column elementor-col-100 elementor-top-column elementor-element elementor-element-8a57722\" data-id=\"8a57722\" data-element_type=\"column\">\n\t\t\t<div class=\"elementor-widget-wrap elementor-element-populated\">\n\t\t\t\t\t\t\t\t<div class=\"elementor-element elementor-element-2bba6b6 elementor-widget elementor-widget-heading\" data-id=\"2bba6b6\" data-element_type=\"widget\" data-widget_type=\"heading.default\">\n\t\t\t\t<div class=\"elementor-widget-container\">\n\t\t\t<h1 class=\"elementor-heading-title elementor-size-default\">Profesorado<\/h1>\t\t<\/div>\n\t\t\t\t<\/div>\n\t\t\t\t\t<\/div>\n\t\t<\/div>\n\t\t\t\t\t\t\t<\/div>\n\t\t<\/section>\n\t\t\t\t<section class=\"elementor-section elementor-top-section elementor-element elementor-element-e798af8 elementor-section-boxed elementor-section-height-default elementor-section-height-default\" data-id=\"e798af8\" data-element_type=\"section\">\n\t\t\t\t\t\t<div class=\"elementor-container elementor-column-gap-default\">\n\t\t\t\t\t<div class=\"elementor-column elementor-col-50 elementor-top-column elementor-element elementor-element-5f33f4f\" data-id=\"5f33f4f\" data-element_type=\"column\">\n\t\t\t<div class=\"elementor-widget-wrap elementor-element-populated\">\n\t\t\t\t\t\t\t\t<div class=\"elementor-element elementor-element-262cee6 elementor-widget elementor-widget-text-editor\" data-id=\"262cee6\" data-element_type=\"widget\" data-widget_type=\"text-editor.default\">\n\t\t\t\t<div class=\"elementor-widget-container\">\n\t\t\t\t\t\t\t\t\t\t\t\t\t<\/div>\n\t\t\t\t<\/div>\n\t\t\t\t\t<\/div>\n\t\t<\/div>\n\t\t\t\t<div class=\"elementor-column elementor-col-50 elementor-top-column elementor-element elementor-element-b303aa4\" data-id=\"b303aa4\" data-element_type=\"column\">\n\t\t\t<div class=\"elementor-widget-wrap elementor-element-populated\">\n\t\t\t\t\t\t\t\t<div class=\"elementor-element elementor-element-b9201b7 elementor-widget elementor-widget-text-editor\" data-id=\"b9201b7\" data-element_type=\"widget\" data-widget_type=\"text-editor.default\">\n\t\t\t\t<div class=\"elementor-widget-container\">\n\t\t\t\t\t\t\t\t\t\t\t\t\t<\/div>\n\t\t\t\t<\/div>\n\t\t\t\t\t<\/div>\n\t\t<\/div>\n\t\t\t\t\t\t\t<\/div>\n\t\t<\/section>\n\t\t\t\t<section class=\"elementor-section elementor-top-section elementor-element elementor-element-07b8c3e elementor-section-boxed elementor-section-height-default elementor-section-height-default\" data-id=\"07b8c3e\" data-element_type=\"section\">\n\t\t\t\t\t\t<div class=\"elementor-container elementor-column-gap-default\">\n\t\t\t\t\t<div class=\"elementor-column elementor-col-100 elementor-top-column elementor-element elementor-element-15d3d9d\" data-id=\"15d3d9d\" data-element_type=\"column\">\n\t\t\t<div class=\"elementor-widget-wrap elementor-element-populated\">\n\t\t\t\t\t\t\t\t<div class=\"elementor-element elementor-element-8762024 elementor-widget elementor-widget-text-editor\" data-id=\"8762024\" data-element_type=\"widget\" data-widget_type=\"text-editor.default\">\n\t\t\t\t<div class=\"elementor-widget-container\">\n\t\t\t\t\t\t\t\t\t\t\t\t\t<\/div>\n\t\t\t\t<\/div>\n\t\t\t\t\t<\/div>\n\t\t<\/div>\n\t\t\t\t\t\t\t<\/div>\n\t\t<\/section>\n\t\t\t\t<section class=\"elementor-section elementor-top-section elementor-element elementor-element-1b19824 elementor-section-boxed elementor-section-height-default elementor-section-height-default\" data-id=\"1b19824\" data-element_type=\"section\">\n\t\t\t\t\t\t<div class=\"elementor-container elementor-column-gap-default\">\n\t\t\t\t\t<div class=\"elementor-column elementor-col-50 elementor-top-column elementor-element elementor-element-8087755\" data-id=\"8087755\" data-element_type=\"column\">\n\t\t\t<div class=\"elementor-widget-wrap elementor-element-populated\">\n\t\t\t\t\t\t\t\t<div class=\"elementor-element elementor-element-fbd689e elementor-widget elementor-widget-text-editor\" data-id=\"fbd689e\" data-element_type=\"widget\" data-widget_type=\"text-editor.default\">\n\t\t\t\t<div class=\"elementor-widget-container\">\n\t\t\t\t\t\t\t<p><strong>Departamento Matem\u00e1ticas<\/strong><br \/>Mariena Cano Campos<br \/>Ana Hidalgo Romero<br \/>Araceli Henares Molina\u00a0<br \/>Mar\u00eda del Carmen Alguacil Segovia (jefa de departamento)<br \/>Tapia L\u00f3pez, Mar\u00eda Auxiliadora<\/p><p>Cruz Olga L\u00f3pez Vico<\/p><p><strong>Departamento de Ciencias Naturales<\/strong><\/p><p>Miguel Espinosa Cabezas (FyQ<span style=\"font-size: 1rem;\">, jefe de departamento<\/span><span style=\"font-style: inherit; font-weight: inherit;\">)<\/span><\/p><p>Ram\u00edrez Zurita, Ana Mar\u00eda\u00a0(FyQ)<\/p><p><span style=\"font-size: 1rem;\">G\u00f3mez Flores, Ana Azahara<\/span>\u00a0(ByG)\u00a0<\/p><p>Carmen S\u00e1nchez Huertas (ByG)<\/p><p>Rela\u00f1o Mosquera, Helena(FyQ)<\/p><p>Calvo Mu\u00f1oz, Elisa Mar\u00eda (FyQ)<\/p><p><strong>Departamento de Franc\u00e9s<\/strong><\/p><p>Jos\u00e9 Manuel Camacho Navarro (jefe de departamento)<\/p><p><strong>Departamento de Tecnolog\u00eda<\/strong><\/p><p>Jos\u00e9 Antonio Cabello Porras\u00a0<span style=\"font-size: 1rem;\">(Jefe de departamento)<\/span><\/p><p>G\u00f3mez G\u00f3mez, Antonio<\/p><p>Medina Romero, Juan Manuel<\/p><p><span style=\"font-style: inherit; font-weight: inherit;\">Eva Vacas Merch\u00e1n\u00a0<\/span><\/p><p><b>Departamento de Ingl\u00e9s<\/b><\/p><p>Soler De la Fuente, Helena<\/p><p>T\u00e9llez Quesada, Ana Mar\u00eda<\/p><p><span style=\"font-style: inherit; font-weight: inherit;\">Silvia Cort\u00e9s P\u00e9rez<\/span><span style=\"font-size: 1rem;\">\u00a0(<\/span><span style=\"font-size: 1rem; font-style: inherit; font-weight: inherit;\">jefa de departamento)<\/span><\/p><p><span style=\"font-style: inherit; font-weight: inherit;\">Marta Olmo Gonz\u00e1lez<\/span><\/p><p><span style=\"font-style: inherit; font-weight: inherit;\">\u00c1ngela de la Cruz Jim\u00e9nez Jim\u00e9nez<\/span><\/p><p>Mar\u00eda Peinazo Mu\u00f1oz<\/p><p>Caballero Garc\u00eda, Mar\u00eda Araceli<\/p><p><strong>Departamento de Geograf\u00eda e Historia<\/strong><\/p><p>Manuel Tenor Tenor\u00a0<br \/>Manuel Delgado G\u00f3mez<br \/>Alba del Pino Ruz (jefa de departamento)<br \/>Pablo March\u00e1n Luna<\/p>\t\t\t\t\t\t<\/div>\n\t\t\t\t<\/div>\n\t\t\t\t\t<\/div>\n\t\t<\/div>\n\t\t\t\t<div class=\"elementor-column elementor-col-50 elementor-top-column elementor-element elementor-element-bec8958\" data-id=\"bec8958\" data-element_type=\"column\">\n\t\t\t<div class=\"elementor-widget-wrap elementor-element-populated\">\n\t\t\t\t\t\t\t\t<div class=\"elementor-element elementor-element-b390fa7 elementor-widget elementor-widget-text-editor\" data-id=\"b390fa7\" data-element_type=\"widget\" data-widget_type=\"text-editor.default\">\n\t\t\t\t<div class=\"elementor-widget-container\">\n\t\t\t\t\t\t\t<p><strong>Departamento de Orientaci\u00f3n<\/strong><br>Inma Tellado Ruiz (jefa de dpto)<br>Tomas P\u00e9rez Fern\u00e1ndez<br>Alfonso Luque Pons<\/p>\n<p>Ram\u00edrez Rivas, Mar\u00eda&nbsp;<span style=\"font-style: inherit; font-weight: inherit;\">Araceli<br>Pacheco Henares, Miriam (AL)<\/span><\/p>\n<p>Manolo Baena S\u00e1nchez FPB&nbsp; (jefe de departamento Agraria)<br>Garc\u00eda Hurtado, Bruno FPB<br>M\u00aa Sierra Cordoba (PTIS)<\/p>\n<p>L\u00f3pez Gallardo, Mar\u00eda de las Nieves (Ptval)<\/p>\n<p><strong>Departamento de Educaci\u00f3n F\u00edsica<\/strong><\/p>\n<p>Copado Bocero, Mario&nbsp;<\/p>\n<p>Pedrosa V\u00edlchez, Pedro&nbsp;<span style=\"font-size: 1rem;\">(jefe de departamento)&nbsp;<\/span><\/p>\n<p><strong>Departamento de Religi\u00f3n<\/strong><\/p>\n<p>Juan Antonio Jim\u00e9nez G\u00f3mez<\/p>\n<p>Mar\u00eda \u00c1ngeles Villagr\u00e1n Garc\u00eda<\/p>\n<p><strong>Departamento de M\u00fasica<\/strong><\/p>\n<p>Rosa M\u00aa M\u00e1rquez&nbsp;<span style=\"font-size: 1rem;\">&nbsp;(jefa de departamento)<\/span><\/p>\n<p><span style=\"font-style: inherit; font-weight: inherit;\">Arjona Gonz\u00e1lez, Ana Luz<\/span><\/p>\n<p><b>Departamento de E.P.V<\/b><\/p>\n<p>Pe\u00f1a Ariza, Francisco de Paula&nbsp;<span style=\"font-size: 1rem;\">(jefe de departamento)&nbsp;<\/span><\/p>\n<p><b style=\"font-style: inherit;\">Departamento de Lengua<\/b><\/p>\n<p>Braulio Lob\u00f3n Fern\u00e1ndez<\/p>\n<p>Teresa Berral Raya<\/p>\n<p>Cabezas Lucena, Raquel<\/p>\n<p>Castillo Del Rosal, Jos\u00e9 Mar\u00eda<\/p>\n<p><span style=\"font-style: inherit; font-weight: inherit;\">Lidia \u00c1lamos Mu\u00f1oz<\/span><\/p>\n<p>Flores Caballero, Laura&nbsp;<span style=\"font-size: 1rem;\">&nbsp;<\/span><span style=\"font-size: 1rem;\">(jefa de departamento)<\/span><\/p>\n<p>Cristina Mar\u00eda Torrecillas Mart\u00ednez<\/p>\n<p>Castillo Torres, Lourdes<\/p>\n<p><strong>ZTS<\/strong><\/p>\n<p><span style=\"font-style: inherit; font-weight: inherit;\">Carde\u00f1osa Parrado, Mar\u00eda Rosa (Area Cient\u00edfico-Tecnol\u00f3gica)<\/span><\/p>\n<p><strong style=\"font-style: inherit;\">F.O.L.<\/strong><\/p>\n<p>Rodr\u00edguez S\u00e1nchez, Mar<\/p>\t\t\t\t\t\t<\/div>\n\t\t\t\t<\/div>\n\t\t\t\t\t<\/div>\n\t\t<\/div>\n\t\t\t\t\t\t\t<\/div>\n\t\t<\/section>\n\t\t\t\t\t\t\t<\/div>\n\t\t","protected":false},"excerpt":{"rendered":"<p>Profesorado Departamento Matem\u00e1ticasMariena Cano CamposAna Hidalgo RomeroAraceli Henares Molina\u00a0Mar\u00eda del Carmen Alguacil Segovia (jefa de departamento)Tapia L\u00f3pez, Mar\u00eda Auxiliadora Cruz Olga L\u00f3pez Vico Departamento de Ciencias Naturales Miguel Espinosa Cabezas (FyQ, jefe de departamento) Ram\u00edrez Zurita, Ana Mar\u00eda\u00a0(FyQ) G\u00f3mez Flores, Ana Azahara\u00a0(ByG)\u00a0 Carmen S\u00e1nchez Huertas (ByG) Rela\u00f1o Mosquera, Helena(FyQ) Calvo Mu\u00f1oz, Elisa Mar\u00eda (FyQ) Departamento &hellip;<\/p>\n<p class=\"read-more\"> <a class=\"\" href=\"https:\/\/www.iesclaracampoamor.org\/clara\/profesorado\/\"> <span class=\"screen-reader-text\">Profesorado<\/span> Leer m\u00e1s &raquo;<\/a><\/p>\n","protected":false},"author":1,"featured_media":0,"parent":0,"menu_order":0,"comment_status":"closed","ping_status":"closed","template":"","meta":{"site-sidebar-layout":"no-sidebar","site-content-layout":"page-builder","ast-site-content-layout":"","site-content-style":"default","site-sidebar-style":"default","ast-global-header-display":"","ast-banner-title-visibility":"","ast-main-header-display":"","ast-hfb-above-header-display":"","ast-hfb-below-header-display":"","ast-hfb-mobile-header-display":"","site-post-title":"disabled","ast-breadcrumbs-content":"disabled","ast-featured-img":"disabled","footer-sml-layout":"","theme-transparent-header-meta":"disabled","adv-header-id-meta":"","stick-header-meta":"","header-above-stick-meta":"","header-main-stick-meta":"","header-below-stick-meta":"","astra-migrate-meta-layouts":"","ast-page-background-enabled":"default","ast-page-background-meta":{"desktop":{"background-color":"","background-image":"","background-repeat":"repeat","background-position":"center center","background-size":"auto","background-attachment":"scroll","background-type":"","background-media":"","overlay-type":"","overlay-color":"","overlay-gradient":""},"tablet":{"background-color":"","background-image":"","background-repeat":"repeat","background-position":"center center","background-size":"auto","background-attachment":"scroll","background-type":"","background-media":"","overlay-type":"","overlay-color":"","overlay-gradient":""},"mobile":{"background-color":"","background-image":"","background-repeat":"repeat","background-position":"center center","background-size":"auto","background-attachment":"scroll","background-type":"","background-media":"","overlay-type":"","overlay-color":"","overlay-gradient":""}},"ast-content-background-meta":{"desktop":{"background-color":"var(--ast-global-color-5)","background-image":"","background-repeat":"repeat","background-position":"center center","background-size":"auto","background-attachment":"scroll","background-type":"","background-media":"","overlay-type":"","overlay-color":"","overlay-gradient":""},"tablet":{"background-color":"var(--ast-global-color-5)","background-image":"","background-repeat":"repeat","background-position":"center center","background-size":"auto","background-attachment":"scroll","background-type":"","background-media":"","overlay-type":"","overlay-color":"","overlay-gradient":""},"mobile":{"background-color":"var(--ast-global-color-5)","background-image":"","background-repeat":"repeat","background-position":"center center","background-size":"auto","background-attachment":"scroll","background-type":"","background-media":"","overlay-type":"","overlay-color":"","overlay-gradient":""}},"footnotes":""},"class_list":["post-1005","page","type-page","status-publish","hentry"],"_links":{"self":[{"href":"https:\/\/www.iesclaracampoamor.org\/clara\/wp-json\/wp\/v2\/pages\/1005","targetHints":{"allow":["GET"]}}],"collection":[{"href":"https:\/\/www.iesclaracampoamor.org\/clara\/wp-json\/wp\/v2\/pages"}],"about":[{"href":"https:\/\/www.iesclaracampoamor.org\/clara\/wp-json\/wp\/v2\/types\/page"}],"author":[{"embeddable":true,"href":"https:\/\/www.iesclaracampoamor.org\/clara\/wp-json\/wp\/v2\/users\/1"}],"replies":[{"embeddable":true,"href":"https:\/\/www.iesclaracampoamor.org\/clara\/wp-json\/wp\/v2\/comments?post=1005"}],"version-history":[{"count":56,"href":"https:\/\/www.iesclaracampoamor.org\/clara\/wp-json\/wp\/v2\/pages\/1005\/revisions"}],"predecessor-version":[{"id":5265,"href":"https:\/\/www.iesclaracampoamor.org\/clara\/wp-json\/wp\/v2\/pages\/1005\/revisions\/5265"}],"wp:attachment":[{"href":"https:\/\/www.iesclaracampoamor.org\/clara\/wp-json\/wp\/v2\/media?parent=1005"}],"curies":[{"name":"wp","href":"https:\/\/api.w.org\/{rel}","templated":true}]}}