{"id":1414,"date":"2021-04-22T11:46:19","date_gmt":"2021-04-22T11:46:19","guid":{"rendered":"http:\/\/www.iesclaracampoamor.org\/clara\/claranuevo\/?page_id=1414"},"modified":"2023-10-16T17:57:00","modified_gmt":"2023-10-16T17:57:00","slug":"equipo-directivo","status":"publish","type":"page","link":"https:\/\/www.iesclaracampoamor.org\/clara\/equipo-directivo\/","title":{"rendered":"Equipo Directivo"},"content":{"rendered":"\t\t<div data-elementor-type=\"wp-page\" data-elementor-id=\"1414\" class=\"elementor elementor-1414\">\n\t\t\t\t\t\t\t\t\t<section class=\"elementor-section elementor-top-section elementor-element elementor-element-4348f4d elementor-section-boxed elementor-section-height-default elementor-section-height-default\" data-id=\"4348f4d\" data-element_type=\"section\">\n\t\t\t\t\t\t<div class=\"elementor-container elementor-column-gap-default\">\n\t\t\t\t\t<div class=\"elementor-column elementor-col-100 elementor-top-column elementor-element elementor-element-612e361\" data-id=\"612e361\" data-element_type=\"column\">\n\t\t\t<div class=\"elementor-widget-wrap elementor-element-populated\">\n\t\t\t\t\t\t\t\t<div class=\"elementor-element elementor-element-8c42c63 elementor-widget elementor-widget-image\" data-id=\"8c42c63\" data-element_type=\"widget\" data-widget_type=\"image.default\">\n\t\t\t\t<div class=\"elementor-widget-container\">\n\t\t\t\t\t\t\t\t\t\t\t\t\t\t\t<img loading=\"lazy\" decoding=\"async\" width=\"300\" height=\"195\" src=\"https:\/\/www.iesclaracampoamor.org\/clara\/wp-content\/uploads\/2021\/04\/claracampoamor-300x195.jpg\" class=\"attachment-medium size-medium wp-image-1060\" alt=\"\" srcset=\"https:\/\/www.iesclaracampoamor.org\/clara\/wp-content\/uploads\/2021\/04\/claracampoamor-300x195.jpg 300w, https:\/\/www.iesclaracampoamor.org\/clara\/wp-content\/uploads\/2021\/04\/claracampoamor-1024x667.jpg 1024w, https:\/\/www.iesclaracampoamor.org\/clara\/wp-content\/uploads\/2021\/04\/claracampoamor-768x500.jpg 768w, https:\/\/www.iesclaracampoamor.org\/clara\/wp-content\/uploads\/2021\/04\/claracampoamor-185x121.jpg 185w, https:\/\/www.iesclaracampoamor.org\/clara\/wp-content\/uploads\/2021\/04\/claracampoamor.jpg 1151w\" sizes=\"auto, (max-width: 300px) 100vw, 300px\" \/>\t\t\t\t\t\t\t\t\t\t\t\t\t\t\t<\/div>\n\t\t\t\t<\/div>\n\t\t\t\t\t<\/div>\n\t\t<\/div>\n\t\t\t\t\t\t\t<\/div>\n\t\t<\/section>\n\t\t\t\t<section class=\"elementor-section elementor-top-section elementor-element elementor-element-3744410c elementor-section-boxed elementor-section-height-default elementor-section-height-default\" data-id=\"3744410c\" data-element_type=\"section\">\n\t\t\t\t\t\t<div class=\"elementor-container elementor-column-gap-default\">\n\t\t\t\t\t<div class=\"elementor-column elementor-col-100 elementor-top-column elementor-element elementor-element-5d6e30cc\" data-id=\"5d6e30cc\" data-element_type=\"column\">\n\t\t\t<div class=\"elementor-widget-wrap elementor-element-populated\">\n\t\t\t\t\t\t\t\t<div class=\"elementor-element elementor-element-8c12b1f elementor-widget elementor-widget-text-editor\" data-id=\"8c12b1f\" data-element_type=\"widget\" data-widget_type=\"text-editor.default\">\n\t\t\t\t<div class=\"elementor-widget-container\">\n\t\t\t\t\t\t\t<p><!-- wp:table --><\/p>\n<figure class=\"wp-block-table\">\n<table>\n<tbody>\n<tr>\n<td>Director:<\/td>\n<td>Braulio Lob\u00f3n Fern\u00e1ndez<\/td>\n<\/tr>\n<tr>\n<td>Vicedirectora:<\/td>\n<td>Mariena Cano Campos<\/td>\n<\/tr>\n<tr>\n<td>Jefe de Estudios:<\/td>\n<td>Tom\u00e1s P\u00e9rez Fern\u00e1ndez<\/td>\n<\/tr>\n<tr>\n<td>Jefa de Estudios Adjunta:<\/td>\n<td>Carmen S\u00e1nchez Huertas<\/td>\n<\/tr>\n<tr>\n<td>Secretaria:<\/td>\n<td>Teresa Berral Raya<\/td>\n<\/tr>\n<\/tbody>\n<\/table>\n<\/figure>\n<p><!-- \/wp:table --><\/p>\t\t\t\t\t\t<\/div>\n\t\t\t\t<\/div>\n\t\t\t\t\t<\/div>\n\t\t<\/div>\n\t\t\t\t\t\t\t<\/div>\n\t\t<\/section>\n\t\t\t\t\t\t\t<\/div>\n\t\t","protected":false},"excerpt":{"rendered":"<p>Director: Braulio Lob\u00f3n Fern\u00e1ndez Vicedirectora: Mariena Cano Campos Jefe de Estudios: Tom\u00e1s P\u00e9rez Fern\u00e1ndez Jefa de Estudios Adjunta: Carmen S\u00e1nchez Huertas Secretaria: Teresa Berral Raya<\/p>\n","protected":false},"author":1,"featured_media":0,"parent":0,"menu_order":0,"comment_status":"closed","ping_status":"closed","template":"","meta":{"site-sidebar-layout":"default","site-content-layout":"default","ast-site-content-layout":"","site-content-style":"default","site-sidebar-style":"default","ast-global-header-display":"","ast-banner-title-visibility":"","ast-main-header-display":"","ast-hfb-above-header-display":"","ast-hfb-below-header-display":"","ast-hfb-mobile-header-display":"","site-post-title":"","ast-breadcrumbs-content":"","ast-featured-img":"","footer-sml-layout":"","theme-transparent-header-meta":"default","adv-header-id-meta":"","stick-header-meta":"","header-above-stick-meta":"","header-main-stick-meta":"","header-below-stick-meta":"","astra-migrate-meta-layouts":"","ast-page-background-enabled":"default","ast-page-background-meta":{"desktop":{"background-color":"","background-image":"","background-repeat":"repeat","background-position":"center center","background-size":"auto","background-attachment":"scroll","background-type":"","background-media":"","overlay-type":"","overlay-color":"","overlay-gradient":""},"tablet":{"background-color":"","background-image":"","background-repeat":"repeat","background-position":"center center","background-size":"auto","background-attachment":"scroll","background-type":"","background-media":"","overlay-type":"","overlay-color":"","overlay-gradient":""},"mobile":{"background-color":"","background-image":"","background-repeat":"repeat","background-position":"center center","background-size":"auto","background-attachment":"scroll","background-type":"","background-media":"","overlay-type":"","overlay-color":"","overlay-gradient":""}},"ast-content-background-meta":{"desktop":{"background-color":"var(--ast-global-color-5)","background-image":"","background-repeat":"repeat","background-position":"center center","background-size":"auto","background-attachment":"scroll","background-type":"","background-media":"","overlay-type":"","overlay-color":"","overlay-gradient":""},"tablet":{"background-color":"var(--ast-global-color-5)","background-image":"","background-repeat":"repeat","background-position":"center center","background-size":"auto","background-attachment":"scroll","background-type":"","background-media":"","overlay-type":"","overlay-color":"","overlay-gradient":""},"mobile":{"background-color":"var(--ast-global-color-5)","background-image":"","background-repeat":"repeat","background-position":"center center","background-size":"auto","background-attachment":"scroll","background-type":"","background-media":"","overlay-type":"","overlay-color":"","overlay-gradient":""}},"footnotes":""},"class_list":["post-1414","page","type-page","status-publish","hentry"],"_links":{"self":[{"href":"https:\/\/www.iesclaracampoamor.org\/clara\/wp-json\/wp\/v2\/pages\/1414","targetHints":{"allow":["GET"]}}],"collection":[{"href":"https:\/\/www.iesclaracampoamor.org\/clara\/wp-json\/wp\/v2\/pages"}],"about":[{"href":"https:\/\/www.iesclaracampoamor.org\/clara\/wp-json\/wp\/v2\/types\/page"}],"author":[{"embeddable":true,"href":"https:\/\/www.iesclaracampoamor.org\/clara\/wp-json\/wp\/v2\/users\/1"}],"replies":[{"embeddable":true,"href":"https:\/\/www.iesclaracampoamor.org\/clara\/wp-json\/wp\/v2\/comments?post=1414"}],"version-history":[{"count":13,"href":"https:\/\/www.iesclaracampoamor.org\/clara\/wp-json\/wp\/v2\/pages\/1414\/revisions"}],"predecessor-version":[{"id":4587,"href":"https:\/\/www.iesclaracampoamor.org\/clara\/wp-json\/wp\/v2\/pages\/1414\/revisions\/4587"}],"wp:attachment":[{"href":"https:\/\/www.iesclaracampoamor.org\/clara\/wp-json\/wp\/v2\/media?parent=1414"}],"curies":[{"name":"wp","href":"https:\/\/api.w.org\/{rel}","templated":true}]}}