{"id":2367,"date":"2022-01-29T16:08:56","date_gmt":"2022-01-29T16:08:56","guid":{"rendered":"http:\/\/www.iesclaracampoamor.org\/clara\/?page_id=2367"},"modified":"2022-01-29T16:14:44","modified_gmt":"2022-01-29T16:14:44","slug":"trinity-college","status":"publish","type":"page","link":"https:\/\/www.iesclaracampoamor.org\/clara\/trinity-college\/","title":{"rendered":"Trinity College"},"content":{"rendered":"\t\t<div data-elementor-type=\"wp-page\" data-elementor-id=\"2367\" class=\"elementor elementor-2367\">\n\t\t\t\t\t\t\t\t\t<section class=\"elementor-section elementor-top-section elementor-element elementor-element-23c62ae elementor-section-boxed elementor-section-height-default elementor-section-height-default\" data-id=\"23c62ae\" data-element_type=\"section\">\n\t\t\t\t\t\t<div class=\"elementor-container elementor-column-gap-default\">\n\t\t\t\t\t<div class=\"elementor-column elementor-col-50 elementor-top-column elementor-element elementor-element-2196b06\" data-id=\"2196b06\" data-element_type=\"column\">\n\t\t\t<div class=\"elementor-widget-wrap elementor-element-populated\">\n\t\t\t\t\t\t\t\t<div class=\"elementor-element elementor-element-bd813e8 elementor-widget elementor-widget-image\" data-id=\"bd813e8\" data-element_type=\"widget\" data-widget_type=\"image.default\">\n\t\t\t\t<div class=\"elementor-widget-container\">\n\t\t\t\t\t\t\t\t\t\t\t\t\t\t\t<img loading=\"lazy\" decoding=\"async\" width=\"1024\" height=\"622\" src=\"https:\/\/www.iesclaracampoamor.org\/clara\/wp-content\/uploads\/2022\/01\/WhatsApp-Image-2022-01-28-at-11.45.50-1024x622.jpeg\" class=\"attachment-large size-large wp-image-2370\" alt=\"\" srcset=\"https:\/\/www.iesclaracampoamor.org\/clara\/wp-content\/uploads\/2022\/01\/WhatsApp-Image-2022-01-28-at-11.45.50-1024x622.jpeg 1024w, https:\/\/www.iesclaracampoamor.org\/clara\/wp-content\/uploads\/2022\/01\/WhatsApp-Image-2022-01-28-at-11.45.50-300x182.jpeg 300w, https:\/\/www.iesclaracampoamor.org\/clara\/wp-content\/uploads\/2022\/01\/WhatsApp-Image-2022-01-28-at-11.45.50-768x466.jpeg 768w, https:\/\/www.iesclaracampoamor.org\/clara\/wp-content\/uploads\/2022\/01\/WhatsApp-Image-2022-01-28-at-11.45.50.jpeg 1080w\" sizes=\"auto, (max-width: 1024px) 100vw, 1024px\" \/>\t\t\t\t\t\t\t\t\t\t\t\t\t\t\t<\/div>\n\t\t\t\t<\/div>\n\t\t\t\t\t<\/div>\n\t\t<\/div>\n\t\t\t\t<div class=\"elementor-column elementor-col-50 elementor-top-column elementor-element elementor-element-12930fb\" data-id=\"12930fb\" data-element_type=\"column\">\n\t\t\t<div class=\"elementor-widget-wrap elementor-element-populated\">\n\t\t\t\t\t\t\t\t<div class=\"elementor-element elementor-element-b90e925 elementor-widget elementor-widget-image\" data-id=\"b90e925\" data-element_type=\"widget\" data-widget_type=\"image.default\">\n\t\t\t\t<div class=\"elementor-widget-container\">\n\t\t\t\t\t\t\t\t\t\t\t\t\t\t\t<img loading=\"lazy\" decoding=\"async\" width=\"1024\" height=\"478\" src=\"https:\/\/www.iesclaracampoamor.org\/clara\/wp-content\/uploads\/2022\/01\/WhatsApp-Image-2022-01-28-at-11.45.50-1-1024x478.jpeg\" class=\"attachment-large size-large wp-image-2369\" alt=\"\" srcset=\"https:\/\/www.iesclaracampoamor.org\/clara\/wp-content\/uploads\/2022\/01\/WhatsApp-Image-2022-01-28-at-11.45.50-1-1024x478.jpeg 1024w, https:\/\/www.iesclaracampoamor.org\/clara\/wp-content\/uploads\/2022\/01\/WhatsApp-Image-2022-01-28-at-11.45.50-1-300x140.jpeg 300w, https:\/\/www.iesclaracampoamor.org\/clara\/wp-content\/uploads\/2022\/01\/WhatsApp-Image-2022-01-28-at-11.45.50-1-768x358.jpeg 768w, https:\/\/www.iesclaracampoamor.org\/clara\/wp-content\/uploads\/2022\/01\/WhatsApp-Image-2022-01-28-at-11.45.50-1.jpeg 1080w\" sizes=\"auto, (max-width: 1024px) 100vw, 1024px\" \/>\t\t\t\t\t\t\t\t\t\t\t\t\t\t\t<\/div>\n\t\t\t\t<\/div>\n\t\t\t\t\t<\/div>\n\t\t<\/div>\n\t\t\t\t\t\t\t<\/div>\n\t\t<\/section>\n\t\t\t\t<section class=\"elementor-section elementor-top-section elementor-element elementor-element-acbf1ab elementor-section-boxed elementor-section-height-default elementor-section-height-default\" data-id=\"acbf1ab\" data-element_type=\"section\">\n\t\t\t\t\t\t<div class=\"elementor-container elementor-column-gap-default\">\n\t\t\t\t\t<div class=\"elementor-column elementor-col-100 elementor-top-column elementor-element elementor-element-703fbba\" data-id=\"703fbba\" data-element_type=\"column\">\n\t\t\t<div class=\"elementor-widget-wrap elementor-element-populated\">\n\t\t\t\t\t\t\t\t<div class=\"elementor-element elementor-element-1a21d31 elementor-widget elementor-widget-heading\" data-id=\"1a21d31\" data-element_type=\"widget\" data-widget_type=\"heading.default\">\n\t\t\t\t<div class=\"elementor-widget-container\">\n\t\t\t<h2 class=\"elementor-heading-title elementor-size-default\">Trinity College London\u00a0<\/h2>\t\t<\/div>\n\t\t\t\t<\/div>\n\t\t\t\t<div class=\"elementor-element elementor-element-b777b30 elementor-widget elementor-widget-text-editor\" data-id=\"b777b30\" data-element_type=\"widget\" data-widget_type=\"text-editor.default\">\n\t\t\t\t<div class=\"elementor-widget-container\">\n\t\t\t\t\t\t\t<p>\u00a0<\/p><p><strong>Trinity College London\u00a0es una instituci\u00f3n inglesa fundada en 1877 que cuenta con una impecable reputaci\u00f3n como entidad examinadora internacional. Ofrece titulaciones en una gama \u00fanica de disciplinas, entre las que destaca el aprendizaje de ingl\u00e9s. Siempre buscando la innovaci\u00f3n y potenciando la individualidad del candidato, realizan m\u00e1s de 600.000 ex\u00e1menes oficiales al a\u00f1o en m\u00e1s de 60 pa\u00edses.<\/strong><\/p><p><strong>Gracias a un acuerdo firmado entre la Consejer\u00eda de Educaci\u00f3n de la Junta de Andaluc\u00eda y Trinity College London, <\/strong><strong>desde el curso 2021-2022 nuestro IES Clara Campoamor es centro examinador registrado Trinity College, con el objetivo de que nuestro alumnado pueda optar a obtener su t\u00edtulo oficial de B1 antes de terminar la etapa de Educaci\u00f3n Secundaria Obligatoria. <\/strong><\/p><p><strong>El departamento de ingl\u00e9s junto con el equipo directivo de nuestro centro ha trabajado y sigue trabajando incansablemente para que as\u00ed sea, de forma que a partir de este curso se celebrar\u00e1n en las fechas reservadas por nuestro IES los ex\u00e1menes de ISE I (Integrated Skills in English Level I). Esta certificaci\u00f3n es reconocida y aceptada en Europa por estar perfectamente homologada con lo que estipula el Marco Com\u00fan Europeo de Referencia para las Lenguas, siendo equivalente al nivel B1. El examen consta de dos partes: parte escrita, conocida como R&amp;W (Reading and Writing), y parte oral, conocida como S&amp;L (Speaking and Listening).<\/strong><\/p><p><strong>Dentro de la excelente y amplia oferta educativa que nuestro IES Clara Campoamor ofrece, ser Centro Examinador Registrado del Trinity College London es un sello de distinci\u00f3n.<\/strong><\/p><p><strong>En las fotos, podemos ver al Departamento de Ingl\u00e9s junto con la coordinadora de biling\u00fcismo y la directiva de nuestro IES, sosteniendo la placa de Centro Examinador que presidir\u00e1 la entrada a nuestro centro. <\/strong><\/p>\t\t\t\t\t\t<\/div>\n\t\t\t\t<\/div>\n\t\t\t\t\t<\/div>\n\t\t<\/div>\n\t\t\t\t\t\t\t<\/div>\n\t\t<\/section>\n\t\t\t\t<section class=\"elementor-section elementor-top-section elementor-element elementor-element-77bba35 elementor-section-boxed elementor-section-height-default elementor-section-height-default\" data-id=\"77bba35\" data-element_type=\"section\">\n\t\t\t\t\t\t<div class=\"elementor-container elementor-column-gap-default\">\n\t\t\t\t\t<div class=\"elementor-column elementor-col-100 elementor-top-column elementor-element elementor-element-c6afaee\" data-id=\"c6afaee\" data-element_type=\"column\">\n\t\t\t<div class=\"elementor-widget-wrap elementor-element-populated\">\n\t\t\t\t\t\t\t\t<div class=\"elementor-element elementor-element-a78d878 elementor-widget elementor-widget-gallery\" data-id=\"a78d878\" data-element_type=\"widget\" data-settings=\"{&quot;columns&quot;:2,&quot;lazyload&quot;:&quot;yes&quot;,&quot;gallery_layout&quot;:&quot;grid&quot;,&quot;columns_tablet&quot;:2,&quot;columns_mobile&quot;:1,&quot;gap&quot;:{&quot;unit&quot;:&quot;px&quot;,&quot;size&quot;:10,&quot;sizes&quot;:[]},&quot;gap_tablet&quot;:{&quot;unit&quot;:&quot;px&quot;,&quot;size&quot;:10,&quot;sizes&quot;:[]},&quot;gap_mobile&quot;:{&quot;unit&quot;:&quot;px&quot;,&quot;size&quot;:10,&quot;sizes&quot;:[]},&quot;link_to&quot;:&quot;file&quot;,&quot;aspect_ratio&quot;:&quot;3:2&quot;,&quot;overlay_background&quot;:&quot;yes&quot;,&quot;content_hover_animation&quot;:&quot;fade-in&quot;}\" data-widget_type=\"gallery.default\">\n\t\t\t\t<div class=\"elementor-widget-container\">\n\t\t\t\t\t<div class=\"elementor-gallery__container\">\n\t\t\t\t\t\t\t<a class=\"e-gallery-item elementor-gallery-item elementor-animated-content\" href=\"https:\/\/www.iesclaracampoamor.org\/clara\/wp-content\/uploads\/2022\/01\/WhatsApp-Image-2022-01-28-at-11.45.51-1.jpeg\" data-elementor-open-lightbox=\"yes\" data-elementor-lightbox-slideshow=\"all-a78d878\" data-e-action-hash=\"#elementor-action%3Aaction%3Dlightbox%26settings%3DeyJpZCI6MjM3MSwidXJsIjoiaHR0cHM6XC9cL3d3dy5pZXNjbGFyYWNhbXBvYW1vci5vcmdcL2NsYXJhXC93cC1jb250ZW50XC91cGxvYWRzXC8yMDIyXC8wMVwvV2hhdHNBcHAtSW1hZ2UtMjAyMi0wMS0yOC1hdC0xMS40NS41MS0xLmpwZWciLCJzbGlkZXNob3ciOiJhbGwtYTc4ZDg3OCJ9\">\n\t\t\t\t\t<div class=\"e-gallery-image elementor-gallery-item__image\" data-thumbnail=\"https:\/\/www.iesclaracampoamor.org\/clara\/wp-content\/uploads\/2022\/01\/WhatsApp-Image-2022-01-28-at-11.45.51-1.jpeg\" data-width=\"1600\" data-height=\"1196\" alt=\"\" ><\/div>\n\t\t\t\t\t\t\t\t\t\t\t<div class=\"elementor-gallery-item__overlay\"><\/div>\n\t\t\t\t\t\t\t\t\t\t\t\t\t\t<\/a>\n\t\t\t\t\t\t\t<a class=\"e-gallery-item elementor-gallery-item elementor-animated-content\" href=\"https:\/\/www.iesclaracampoamor.org\/clara\/wp-content\/uploads\/2022\/01\/WhatsApp-Image-2022-01-28-at-11.45.51-2.jpeg\" data-elementor-open-lightbox=\"yes\" data-elementor-lightbox-slideshow=\"all-a78d878\" data-e-action-hash=\"#elementor-action%3Aaction%3Dlightbox%26settings%3DeyJpZCI6MjM3MiwidXJsIjoiaHR0cHM6XC9cL3d3dy5pZXNjbGFyYWNhbXBvYW1vci5vcmdcL2NsYXJhXC93cC1jb250ZW50XC91cGxvYWRzXC8yMDIyXC8wMVwvV2hhdHNBcHAtSW1hZ2UtMjAyMi0wMS0yOC1hdC0xMS40NS41MS0yLmpwZWciLCJzbGlkZXNob3ciOiJhbGwtYTc4ZDg3OCJ9\">\n\t\t\t\t\t<div class=\"e-gallery-image elementor-gallery-item__image\" data-thumbnail=\"https:\/\/www.iesclaracampoamor.org\/clara\/wp-content\/uploads\/2022\/01\/WhatsApp-Image-2022-01-28-at-11.45.51-2.jpeg\" data-width=\"1600\" data-height=\"1196\" alt=\"\" ><\/div>\n\t\t\t\t\t\t\t\t\t\t\t<div class=\"elementor-gallery-item__overlay\"><\/div>\n\t\t\t\t\t\t\t\t\t\t\t\t\t\t<\/a>\n\t\t\t\t\t\t\t<a class=\"e-gallery-item elementor-gallery-item elementor-animated-content\" href=\"https:\/\/www.iesclaracampoamor.org\/clara\/wp-content\/uploads\/2022\/01\/WhatsApp-Image-2022-01-28-at-11.45.51.jpeg\" data-elementor-open-lightbox=\"yes\" data-elementor-lightbox-slideshow=\"all-a78d878\" data-e-action-hash=\"#elementor-action%3Aaction%3Dlightbox%26settings%3DeyJpZCI6MjM3MywidXJsIjoiaHR0cHM6XC9cL3d3dy5pZXNjbGFyYWNhbXBvYW1vci5vcmdcL2NsYXJhXC93cC1jb250ZW50XC91cGxvYWRzXC8yMDIyXC8wMVwvV2hhdHNBcHAtSW1hZ2UtMjAyMi0wMS0yOC1hdC0xMS40NS41MS5qcGVnIiwic2xpZGVzaG93IjoiYWxsLWE3OGQ4NzgifQ%3D%3D\">\n\t\t\t\t\t<div class=\"e-gallery-image elementor-gallery-item__image\" data-thumbnail=\"https:\/\/www.iesclaracampoamor.org\/clara\/wp-content\/uploads\/2022\/01\/WhatsApp-Image-2022-01-28-at-11.45.51.jpeg\" data-width=\"1600\" data-height=\"1196\" alt=\"\" ><\/div>\n\t\t\t\t\t\t\t\t\t\t\t<div class=\"elementor-gallery-item__overlay\"><\/div>\n\t\t\t\t\t\t\t\t\t\t\t\t\t\t<\/a>\n\t\t\t\t\t\t\t<a class=\"e-gallery-item elementor-gallery-item elementor-animated-content\" href=\"https:\/\/www.iesclaracampoamor.org\/clara\/wp-content\/uploads\/2022\/01\/WhatsApp-Image-2022-01-28-at-11.46.37.jpeg\" data-elementor-open-lightbox=\"yes\" data-elementor-lightbox-slideshow=\"all-a78d878\" data-e-action-hash=\"#elementor-action%3Aaction%3Dlightbox%26settings%3DeyJpZCI6MjM3NCwidXJsIjoiaHR0cHM6XC9cL3d3dy5pZXNjbGFyYWNhbXBvYW1vci5vcmdcL2NsYXJhXC93cC1jb250ZW50XC91cGxvYWRzXC8yMDIyXC8wMVwvV2hhdHNBcHAtSW1hZ2UtMjAyMi0wMS0yOC1hdC0xMS40Ni4zNy5qcGVnIiwic2xpZGVzaG93IjoiYWxsLWE3OGQ4NzgifQ%3D%3D\">\n\t\t\t\t\t<div class=\"e-gallery-image elementor-gallery-item__image\" data-thumbnail=\"https:\/\/www.iesclaracampoamor.org\/clara\/wp-content\/uploads\/2022\/01\/WhatsApp-Image-2022-01-28-at-11.46.37.jpeg\" data-width=\"1600\" data-height=\"1196\" alt=\"\" ><\/div>\n\t\t\t\t\t\t\t\t\t\t\t<div class=\"elementor-gallery-item__overlay\"><\/div>\n\t\t\t\t\t\t\t\t\t\t\t\t\t\t<\/a>\n\t\t\t\t\t<\/div>\n\t\t\t<\/div>\n\t\t\t\t<\/div>\n\t\t\t\t\t<\/div>\n\t\t<\/div>\n\t\t\t\t\t\t\t<\/div>\n\t\t<\/section>\n\t\t\t\t<section class=\"elementor-section elementor-top-section elementor-element elementor-element-f3c81b0 elementor-section-boxed elementor-section-height-default elementor-section-height-default\" data-id=\"f3c81b0\" data-element_type=\"section\">\n\t\t\t\t\t\t<div class=\"elementor-container elementor-column-gap-default\">\n\t\t\t\t\t<div class=\"elementor-column elementor-col-100 elementor-top-column elementor-element elementor-element-0a0c787\" data-id=\"0a0c787\" data-element_type=\"column\">\n\t\t\t<div class=\"elementor-widget-wrap elementor-element-populated\">\n\t\t\t\t\t\t\t\t<div class=\"elementor-element elementor-element-503eaa9 elementor-widget-divider--view-line elementor-widget elementor-widget-divider\" data-id=\"503eaa9\" data-element_type=\"widget\" data-widget_type=\"divider.default\">\n\t\t\t\t<div class=\"elementor-widget-container\">\n\t\t\t\t\t<div class=\"elementor-divider\">\n\t\t\t<span class=\"elementor-divider-separator\">\n\t\t\t\t\t\t<\/span>\n\t\t<\/div>\n\t\t\t\t<\/div>\n\t\t\t\t<\/div>\n\t\t\t\t\t<\/div>\n\t\t<\/div>\n\t\t\t\t\t\t\t<\/div>\n\t\t<\/section>\n\t\t\t\t\t\t\t<\/div>\n\t\t","protected":false},"excerpt":{"rendered":"<p>Trinity College London\u00a0 \u00a0 Trinity College London\u00a0es una instituci\u00f3n inglesa fundada en 1877 que cuenta con una impecable reputaci\u00f3n como entidad examinadora internacional. Ofrece titulaciones en una gama \u00fanica de disciplinas, entre las que destaca el aprendizaje de ingl\u00e9s. Siempre buscando la innovaci\u00f3n y potenciando la individualidad del candidato, realizan m\u00e1s de 600.000 ex\u00e1menes oficiales &hellip;<\/p>\n<p class=\"read-more\"> <a class=\"\" href=\"https:\/\/www.iesclaracampoamor.org\/clara\/trinity-college\/\"> <span class=\"screen-reader-text\">Trinity College<\/span> Leer m\u00e1s &raquo;<\/a><\/p>\n","protected":false},"author":1,"featured_media":0,"parent":0,"menu_order":0,"comment_status":"closed","ping_status":"closed","template":"","meta":{"site-sidebar-layout":"no-sidebar","site-content-layout":"page-builder","ast-site-content-layout":"","site-content-style":"default","site-sidebar-style":"default","ast-global-header-display":"","ast-banner-title-visibility":"","ast-main-header-display":"","ast-hfb-above-header-display":"","ast-hfb-below-header-display":"","ast-hfb-mobile-header-display":"","site-post-title":"disabled","ast-breadcrumbs-content":"","ast-featured-img":"disabled","footer-sml-layout":"","theme-transparent-header-meta":"","adv-header-id-meta":"","stick-header-meta":"","header-above-stick-meta":"","header-main-stick-meta":"","header-below-stick-meta":"","astra-migrate-meta-layouts":"","ast-page-background-enabled":"default","ast-page-background-meta":{"desktop":{"background-color":"","background-image":"","background-repeat":"repeat","background-position":"center center","background-size":"auto","background-attachment":"scroll","background-type":"","background-media":"","overlay-type":"","overlay-color":"","overlay-gradient":""},"tablet":{"background-color":"","background-image":"","background-repeat":"repeat","background-position":"center center","background-size":"auto","background-attachment":"scroll","background-type":"","background-media":"","overlay-type":"","overlay-color":"","overlay-gradient":""},"mobile":{"background-color":"","background-image":"","background-repeat":"repeat","background-position":"center center","background-size":"auto","background-attachment":"scroll","background-type":"","background-media":"","overlay-type":"","overlay-color":"","overlay-gradient":""}},"ast-content-background-meta":{"desktop":{"background-color":"var(--ast-global-color-5)","background-image":"","background-repeat":"repeat","background-position":"center center","background-size":"auto","background-attachment":"scroll","background-type":"","background-media":"","overlay-type":"","overlay-color":"","overlay-gradient":""},"tablet":{"background-color":"var(--ast-global-color-5)","background-image":"","background-repeat":"repeat","background-position":"center center","background-size":"auto","background-attachment":"scroll","background-type":"","background-media":"","overlay-type":"","overlay-color":"","overlay-gradient":""},"mobile":{"background-color":"var(--ast-global-color-5)","background-image":"","background-repeat":"repeat","background-position":"center center","background-size":"auto","background-attachment":"scroll","background-type":"","background-media":"","overlay-type":"","overlay-color":"","overlay-gradient":""}},"footnotes":""},"class_list":["post-2367","page","type-page","status-publish","hentry"],"_links":{"self":[{"href":"https:\/\/www.iesclaracampoamor.org\/clara\/wp-json\/wp\/v2\/pages\/2367","targetHints":{"allow":["GET"]}}],"collection":[{"href":"https:\/\/www.iesclaracampoamor.org\/clara\/wp-json\/wp\/v2\/pages"}],"about":[{"href":"https:\/\/www.iesclaracampoamor.org\/clara\/wp-json\/wp\/v2\/types\/page"}],"author":[{"embeddable":true,"href":"https:\/\/www.iesclaracampoamor.org\/clara\/wp-json\/wp\/v2\/users\/1"}],"replies":[{"embeddable":true,"href":"https:\/\/www.iesclaracampoamor.org\/clara\/wp-json\/wp\/v2\/comments?post=2367"}],"version-history":[{"count":13,"href":"https:\/\/www.iesclaracampoamor.org\/clara\/wp-json\/wp\/v2\/pages\/2367\/revisions"}],"predecessor-version":[{"id":2387,"href":"https:\/\/www.iesclaracampoamor.org\/clara\/wp-json\/wp\/v2\/pages\/2367\/revisions\/2387"}],"wp:attachment":[{"href":"https:\/\/www.iesclaracampoamor.org\/clara\/wp-json\/wp\/v2\/media?parent=2367"}],"curies":[{"name":"wp","href":"https:\/\/api.w.org\/{rel}","templated":true}]}}